{"id":801,"date":"2020-12-15T16:33:35","date_gmt":"2020-12-15T16:33:35","guid":{"rendered":"https:\/\/www.patronademostoles.es\/es\/?page_id=801"},"modified":"2026-02-13T15:22:34","modified_gmt":"2026-02-13T15:22:34","slug":"normativa-boda","status":"publish","type":"page","link":"https:\/\/www.patronademostoles.es\/es\/normativa-boda\/","title":{"rendered":"Bodas en la Ermita"},"content":{"rendered":"<div data-colibri-id=\"801-c1\" class=\"style-861 style-local-801-c1 position-relative\">\n  <!---->\n  <div data-colibri-component=\"section\" data-colibri-id=\"801-c2\" id=\"custom\" class=\"h-section h-section-global-spacing d-flex align-items-lg-center align-items-md-center align-items-center style-862 style-local-801-c2 position-relative\">\n    <!---->\n    <!---->\n    <div class=\"h-section-grid-container h-section-boxed-container\">\n      <!---->\n      <div data-colibri-id=\"801-c3\" class=\"h-row-container gutters-row-lg-2 gutters-row-md-2 gutters-row-0 gutters-row-v-lg-2 gutters-row-v-md-2 gutters-row-v-2 style-1571 style-local-801-c3 position-relative\">\n        <!---->\n        <div class=\"h-row justify-content-lg-center justify-content-md-center justify-content-center align-items-lg-stretch align-items-md-stretch align-items-stretch gutters-col-lg-2 gutters-col-md-2 gutters-col-0 gutters-col-v-lg-2 gutters-col-v-md-2 gutters-col-v-2\">\n          <!---->\n          <div class=\"h-column h-column-container d-flex h-col-lg-auto h-col-md-auto h-col-auto style-1572-outer style-local-801-c4-outer\">\n            <div data-colibri-id=\"801-c4\" class=\"d-flex h-flex-basis h-column__inner h-px-lg-2 h-px-md-2 h-px-2 v-inner-lg-2 v-inner-md-2 v-inner-2 style-1572 style-local-801-c4 position-relative\">\n              <!---->\n              <!---->\n              <div class=\"w-100 h-y-container h-column__content h-column__v-align flex-basis-100 align-self-lg-start align-self-md-start align-self-start\">\n                <!---->\n                <div data-colibri-id=\"801-c5\" class=\"h-text h-text-component style-1574 style-local-801-c5 position-relative h-element\">\n                  <!---->\n                  <!---->\n                  <div class=\"\">\n                    <p>La reserva de fecha para la celebraci\u00f3n de una boda en la Ermita de Nuestra Se\u00f1ora de los Santos se podr\u00e1 hacer \u00daNICAMENTE de manera presencial los lunes de 17 a 18:30 horas en el despacho de la Hermandad en el Centro de Participaci\u00f3n\n                      Ciudadana (Calle San Antonio, 2, 1\u00ba Planta, despacho 17),&nbsp;<strong>exceptuando el d\u00eda de la apertura oficial que se realizar\u00e1 v\u00eda telem\u00e1tica.<\/strong><\/p>\n                    <p><strong>Para hacer efectiva la reserva es obligatorio el dep\u00f3sito de 50 euros.<br><\/strong><\/p>\n                    <p><strong>Desde el 15 de junio al 3 de septiembre no habr\u00e1 despacho los lunes. Aquellas parejas que necesiten informaci\u00f3n o reservar una fecha deber\u00e1n escribir a <\/strong>\n                      <a href=\"mailto:secretaria@patronademostoles.es\"><strong>secretaria@patronademostoles.es<\/strong><\/a> <strong>y se les contestar\u00e1 a la mayor brevedad posible.<\/strong>\n                      <br>\n                    <\/p>\n                    <p>Si bien la inscripci\u00f3n de la boda se tramita con la Hermandad de Ntra. Sra. de los Santos, para cualquier duda sobre la boda (papeles, cursillos prematrimoniales, etc.) pod\u00e9is dirigiros al despacho de la Parroquia de Ntra. Sra. de\n                      la Asunci\u00f3n, donde os pueden orientar al respecto (despacho@asuncionmostoles.com)<\/p>\n                    <p>El libro de bodas se suele abrir en el mes de febrero del a\u00f1o anterior a la celebraci\u00f3n de la boda. Por ejemplo, para la celebraci\u00f3n en 2028 se comenzar\u00e1 a reservar a partir de febrero de 2027.\n                      <br>\n                    <\/p>\n                  <\/div>\n                <\/div>\n              <\/div>\n            <\/div>\n          <\/div>\n          <div class=\"h-column h-column-container d-flex h-col-lg-auto h-col-md-auto h-col-auto style-1573-outer style-local-801-c6-outer\">\n            <div data-colibri-id=\"801-c6\" class=\"d-flex h-flex-basis h-column__inner h-px-lg-2 h-px-md-2 h-px-2 v-inner-lg-2 v-inner-md-2 v-inner-2 style-1573 style-local-801-c6 position-relative\">\n              <!---->\n              <!---->\n              <div class=\"w-100 h-y-container h-column__content h-column__v-align flex-basis-100 align-self-lg-center align-self-md-center align-self-center\">\n                <!---->\n                <div data-colibri-id=\"801-c7\" class=\"h-text h-text-component style-1575 style-local-801-c7 position-relative h-element\">\n                  <!---->\n                  <!---->\n                  <div class=\"\">\n                    <p>Para la realizaci\u00f3n de los cursillos prematrimoniales referentes a 2026 pod\u00e9is solicitar la informaci\u00f3n en la Parroquia Nuestra Se\u00f1ora de la Asunci\u00f3n<\/p>\n                    <p>despacho@asuncionmostoles.com<\/p>\n                    <p>Plaza Ernesto Peces,1<\/p>\n                    <p>TFNO: 91 614 68 04<\/p>\n                  <\/div>\n                <\/div>\n              <\/div>\n            <\/div>\n          <\/div>\n        <\/div>\n      <\/div>\n      <div data-colibri-id=\"801-c8\" class=\"h-row-container gutters-row-lg-2 gutters-row-md-2 gutters-row-0 gutters-row-v-lg-2 gutters-row-v-md-2 gutters-row-v-2 style-863 style-local-801-c8 position-relative\">\n        <!---->\n        <div class=\"h-row justify-content-lg-center justify-content-md-center justify-content-center align-items-lg-stretch align-items-md-stretch align-items-stretch gutters-col-lg-2 gutters-col-md-2 gutters-col-0 gutters-col-v-lg-2 gutters-col-v-md-2 gutters-col-v-2\">\n          <!---->\n          <div class=\"h-column h-column-container d-flex h-col-lg-auto h-col-md-auto h-col-auto style-1499-outer style-local-801-c9-outer\">\n            <div data-colibri-id=\"801-c9\" class=\"d-flex h-flex-basis h-column__inner h-px-lg-2 h-px-md-2 h-px-2 v-inner-lg-2 v-inner-md-2 v-inner-2 style-1499 style-local-801-c9 position-relative\">\n              <!---->\n              <!---->\n              <div class=\"w-100 h-y-container h-column__content h-column__v-align flex-basis-100 align-self-lg-start align-self-md-start align-self-start\">\n                <!---->\n                <div data-colibri-id=\"801-c10\" class=\"h-x-container style-1508 style-local-801-c10 position-relative h-element\">\n                  <!---->\n                  <div class=\"h-x-container-inner style-dynamic-801-c10-group style-1508-spacing style-local-801-c10-spacing\"><span class=\"h-button__outer style-1509-outer style-local-801-c11-outer d-inline-flex h-element\"><a h-use-smooth-scroll=\"true\" href=\"https:\/\/www.patronademostoles.es\/es\/os-interesa-saber\/\"  data-colibri-id=\"801-c11\" class=\"d-flex w-100 align-items-center h-button justify-content-lg-center justify-content-md-center justify-content-center style-1509 style-local-801-c11 position-relative\"><!----><!----> <span>Os interesa saber<\/span><\/a>\n                    <\/span>\n                  <\/div>\n                <\/div>\n                <div data-colibri-id=\"801-c12\" class=\"h-text h-text-component style-1500 style-local-801-c12 position-relative h-element\">\n                  <!---->\n                  <!---->\n                  <div class=\"\">\n                    <p>\n                      <br>\n                    <\/p>\n                    <p>Los horarios de boda son:&nbsp;del 1 de octubre al 30 de abril a las 12:00 h. y a las 16:45 h.;&nbsp;del 1 de mayo al 30 de septiembre&nbsp;a las 12:00 h. a las 16:45 h. y a las 17:45 h. La Hermandad se reserva el derecho de no apuntar\n                      bodas aquellos d\u00edas en los que hayan programado actos.\n                      <br>\n                    <\/p>\n                  <\/div>\n                <\/div>\n              <\/div>\n            <\/div>\n          <\/div>\n        <\/div>\n      <\/div>\n      <div data-colibri-id=\"801-c13\" class=\"h-row-container gutters-row-lg-2 gutters-row-md-2 gutters-row-0 gutters-row-v-lg-2 gutters-row-v-md-2 gutters-row-v-2 style-2219 style-local-801-c13 position-relative\">\n        <!---->\n        <div class=\"h-row justify-content-lg-center justify-content-md-center justify-content-center align-items-lg-stretch align-items-md-stretch align-items-stretch gutters-col-lg-2 gutters-col-md-2 gutters-col-0 gutters-col-v-lg-2 gutters-col-v-md-2 gutters-col-v-2\">\n          <!---->\n          <div class=\"h-column h-column-container d-flex h-col-lg-auto h-col-md-auto h-col-auto style-2220-outer style-local-801-c14-outer\">\n            <div data-colibri-id=\"801-c14\" class=\"d-flex h-flex-basis h-column__inner h-px-lg-2 h-px-md-2 h-px-2 v-inner-lg-2 v-inner-md-2 v-inner-2 style-2220 style-local-801-c14 position-relative\">\n              <!---->\n              <!---->\n              <div class=\"w-100 h-y-container h-column__content h-column__v-align flex-basis-100 align-self-lg-start align-self-md-start align-self-start\">\n                <!---->\n                <div data-colibri-id=\"801-c15\" class=\"h-x-container style-2221 style-local-801-c15 position-relative h-element\">\n                  <!---->\n                  <div class=\"h-x-container-inner style-dynamic-801-c15-group style-2221-spacing style-local-801-c15-spacing\"><span class=\"h-button__outer style-2222-outer style-local-801-c16-outer d-inline-flex h-element\"><a h-use-smooth-scroll=\"true\" href=\"https:\/\/forms.gle\/hTD7nSt47BfXTMr66\"  data-colibri-id=\"801-c16\" class=\"d-flex w-100 align-items-center h-button justify-content-lg-center justify-content-md-center justify-content-center style-2222 style-local-801-c16 position-relative\"><!----><!----> <span>Enlace Apertura Libro 2027<\/span><\/a>\n                    <\/span>\n                  <\/div>\n                <\/div>\n              <\/div>\n            <\/div>\n          <\/div>\n        <\/div>\n      <\/div>\n    <\/div>\n  <\/div>\n  <div data-colibri-component=\"section\" data-colibri-id=\"801-c17\" id=\"custom-2\" class=\"h-section h-section-global-spacing d-flex align-items-lg-center align-items-md-center align-items-center style-2171 style-local-801-c17 position-relative\">\n    <!---->\n    <!---->\n    <div class=\"h-section-grid-container h-section-boxed-container\">\n      <!---->\n      <div data-colibri-id=\"801-c18\" class=\"h-row-container gutters-row-lg-2 gutters-row-md-2 gutters-row-0 gutters-row-v-lg-2 gutters-row-v-md-2 gutters-row-v-2 style-2174 style-local-801-c18 position-relative\">\n        <!---->\n        <div class=\"h-row justify-content-lg-center justify-content-md-center justify-content-center align-items-lg-stretch align-items-md-stretch align-items-stretch gutters-col-lg-2 gutters-col-md-2 gutters-col-0 gutters-col-v-lg-2 gutters-col-v-md-2 gutters-col-v-2\">\n          <!---->\n          <div class=\"h-column h-column-container d-flex h-col-lg-auto h-col-md-auto h-col-auto style-2175-outer style-local-801-c19-outer\">\n            <div data-colibri-id=\"801-c19\" class=\"d-flex h-flex-basis h-column__inner h-px-lg-2 h-px-md-2 h-px-2 v-inner-lg-2 v-inner-md-2 v-inner-2 style-2175 style-local-801-c19 position-relative\">\n              <!---->\n              <!---->\n              <div class=\"w-100 h-y-container h-column__content h-column__v-align flex-basis-100 align-self-lg-start align-self-md-start align-self-start\">\n                <!---->\n                <div data-colibri-id=\"801-c20\" class=\"d-block style-2176 style-local-801-c20 position-relative h-element\">\n                  <!---->\n                  <div class=\"h-image__frame-container-outer\">\n                    <div class=\"h-image__frame-container\">\n                      <!---->\n                      <!---->\n                      <img loading=\"lazy\" decoding=\"async\" width=\"1755\" height=\"1241\" src=\"https:\/\/www.patronademostoles.es\/es\/wp-content\/uploads\/2026\/02\/Cartel-Bodas-2027.jpg\" class=\"wp-image-4106 style-2176-image style-local-801-c20-image\" alt=\"\" srcset=\"https:\/\/www.patronademostoles.es\/es\/wp-content\/uploads\/2026\/02\/Cartel-Bodas-2027.jpg 1755w, https:\/\/www.patronademostoles.es\/es\/wp-content\/uploads\/2026\/02\/Cartel-Bodas-2027-300x212.jpg 300w, https:\/\/www.patronademostoles.es\/es\/wp-content\/uploads\/2026\/02\/Cartel-Bodas-2027-1024x724.jpg 1024w, https:\/\/www.patronademostoles.es\/es\/wp-content\/uploads\/2026\/02\/Cartel-Bodas-2027-768x543.jpg 768w, https:\/\/www.patronademostoles.es\/es\/wp-content\/uploads\/2026\/02\/Cartel-Bodas-2027-1536x1086.jpg 1536w\" sizes=\"auto, (max-width: 1755px) 100vw, 1755px\" \/>\n                      <div class=\"h-image__frame h-hide-lg h-hide-md h-hide-sm style-2176-frameImage style-local-801-c20-frameImage\"><\/div>\n                    <\/div>\n                  <\/div>\n                <\/div>\n              <\/div>\n            <\/div>\n          <\/div>\n        <\/div>\n      <\/div>\n    <\/div>\n  <\/div>\n<\/div>","protected":false},"excerpt":{"rendered":"<p>La reserva de fecha para la celebraci\u00f3n de una boda en la Ermita de Nuestra Se\u00f1ora de los Santos se podr\u00e1 hacer \u00daNICAMENTE de manera presencial los lunes de 17 a 18:30 horas en el despacho de la Hermandad en el Centro de Participaci\u00f3n Ciudadana (Calle San Antonio, 2, 1\u00ba Planta, despacho 17),&nbsp;exceptuando el d\u00eda [&hellip;]<\/p>\n","protected":false},"author":1,"featured_media":0,"parent":0,"menu_order":0,"comment_status":"closed","ping_status":"closed","template":"page-templates\/full-width-page.php","meta":{"footnotes":""},"class_list":["post-801","page","type-page","status-publish","hentry"],"_links":{"self":[{"href":"https:\/\/www.patronademostoles.es\/es\/wp-json\/wp\/v2\/pages\/801","targetHints":{"allow":["GET"]}}],"collection":[{"href":"https:\/\/www.patronademostoles.es\/es\/wp-json\/wp\/v2\/pages"}],"about":[{"href":"https:\/\/www.patronademostoles.es\/es\/wp-json\/wp\/v2\/types\/page"}],"author":[{"embeddable":true,"href":"https:\/\/www.patronademostoles.es\/es\/wp-json\/wp\/v2\/users\/1"}],"replies":[{"embeddable":true,"href":"https:\/\/www.patronademostoles.es\/es\/wp-json\/wp\/v2\/comments?post=801"}],"version-history":[{"count":20,"href":"https:\/\/www.patronademostoles.es\/es\/wp-json\/wp\/v2\/pages\/801\/revisions"}],"predecessor-version":[{"id":4124,"href":"https:\/\/www.patronademostoles.es\/es\/wp-json\/wp\/v2\/pages\/801\/revisions\/4124"}],"wp:attachment":[{"href":"https:\/\/www.patronademostoles.es\/es\/wp-json\/wp\/v2\/media?parent=801"}],"curies":[{"name":"wp","href":"https:\/\/api.w.org\/{rel}","templated":true}]}}