{"id":479,"date":"2020-12-12T17:56:02","date_gmt":"2020-12-12T17:56:02","guid":{"rendered":"https:\/\/www.patronademostoles.es\/es\/?page_id=479"},"modified":"2021-01-25T18:10:09","modified_gmt":"2021-01-25T18:10:09","slug":"la-hermandad","status":"publish","type":"page","link":"https:\/\/www.patronademostoles.es\/es\/la-hermandad\/","title":{"rendered":"La Hermandad"},"content":{"rendered":"<div data-colibri-id=\"479-c1\" class=\"style-1896 style-local-479-c1 position-relative\">\n  <!---->\n  <div data-colibri-component=\"section\" data-colibri-id=\"479-c2\" id=\"custom\" class=\"h-section h-section-global-spacing d-flex align-items-lg-center align-items-md-center align-items-center style-1897 style-local-479-c2 position-relative\">\n    <!---->\n    <!---->\n    <div class=\"h-section-grid-container h-section-boxed-container\">\n      <!---->\n      <div data-colibri-id=\"479-c3\" class=\"h-row-container gutters-row-lg-2 gutters-row-md-2 gutters-row-0 gutters-row-v-lg-2 gutters-row-v-md-2 gutters-row-v-2 style-1898 style-local-479-c3 position-relative\">\n        <!---->\n        <div class=\"h-row justify-content-lg-center justify-content-md-center justify-content-center align-items-lg-stretch align-items-md-stretch align-items-stretch gutters-col-lg-2 gutters-col-md-2 gutters-col-0 gutters-col-v-lg-2 gutters-col-v-md-2 gutters-col-v-2\">\n          <!---->\n          <div class=\"h-column h-column-container d-flex h-col-lg-auto h-col-md-auto h-col-auto style-1899-outer style-local-479-c4-outer\">\n            <div data-colibri-id=\"479-c4\" class=\"d-flex h-flex-basis h-column__inner h-px-lg-2 h-px-md-2 h-px-2 v-inner-lg-2 v-inner-md-2 v-inner-2 style-1899 style-local-479-c4 position-relative\">\n              <!---->\n              <!---->\n              <div class=\"w-100 h-y-container h-column__content h-column__v-align flex-basis-100 align-self-lg-start align-self-md-start align-self-start\">\n                <!---->\n                <div data-colibri-id=\"479-c5\" class=\"h-text h-text-component style-1900 style-local-479-c5 position-relative h-element\">\n                  <!---->\n                  <!---->\n                  <div class=\"\">\n                    <p>Somos&nbsp;una Asociaci\u00f3n-Hermandad sin \u00e1nimo de lucro, p\u00fablica de fieles constituida en M\u00f3stoles de la Di\u00f3cesis&nbsp;de Getafe (Madrid) amparada de lo establecido en el c\u00f3digo de derecho can\u00f3nico.&nbsp;<\/p>\n                    <p><span style=\"font-family: Helvetica, sans-serif;\">Cada a\u00f1o, damos la bienvenida&nbsp;cada vez a m\u00e1s hermanos en la Hermandad Ntra. Sra. de los Santos y San Sim\u00f3n de Rojas,&nbsp;y nos alegramos de que a\u00fan hoy siga creciendo nuestro n\u00famero de hermanos. Somos una hermandad entusiasta que realiza sus tareas con&nbsp;la seriedad necesaria&nbsp;sin perder la alegr\u00eda por el trabajo.&nbsp;<\/span><\/p>\n                    <p><span style=\"font-family: Helvetica, sans-serif;\">En nuestra hermandad se a\u00fanan tradici\u00f3n y modernidad y sobre todo el amor a nuestra Madre la Virgen.&nbsp;<\/span><\/p>\n                    <p><span style=\"font-family: Helvetica, sans-serif;\">Adem\u00e1s&nbsp;estamos abiertos a los intereses de todas las generaciones con alegr\u00eda, ya sea joven o mayor, grande o peque\u00f1o.<\/span><\/p>\n                    <p>El fin principal de la hermandad, es honrar y venerar a Nuestra Se\u00f1ora de los Santos (Patrona de M\u00f3stoles) y a San Sim\u00f3n de Rojas (compatron de M\u00f3stoles) as\u00ed como cuidar y custodiar la Ermita de Nuestra Se\u00f1ora de los Santos. Realizando\n                      actos patronales as\u00ed como facilitar la visita y celebraciones que pudieran realizarse en la Ermita.<\/p>\n                    <p>&nbsp;<\/p>\n                  <\/div>\n                <\/div>\n              <\/div>\n            <\/div>\n          <\/div>\n        <\/div>\n      <\/div>\n    <\/div>\n  <\/div>\n<\/div>","protected":false},"excerpt":{"rendered":"<p>Somos&nbsp;una Asociaci\u00f3n-Hermandad sin \u00e1nimo de lucro, p\u00fablica de fieles constituida en M\u00f3stoles de la Di\u00f3cesis&nbsp;de Getafe (Madrid) amparada de lo establecido en el c\u00f3digo de derecho can\u00f3nico.&nbsp; Cada a\u00f1o, damos la bienvenida&nbsp;cada vez a m\u00e1s hermanos en la Hermandad Ntra. Sra. de los Santos y San Sim\u00f3n de Rojas,&nbsp;y nos alegramos de que a\u00fan hoy [&hellip;]<\/p>\n","protected":false},"author":1,"featured_media":0,"parent":0,"menu_order":0,"comment_status":"closed","ping_status":"closed","template":"page-templates\/full-width-page.php","meta":{"footnotes":""},"class_list":["post-479","page","type-page","status-publish","hentry"],"_links":{"self":[{"href":"https:\/\/www.patronademostoles.es\/es\/wp-json\/wp\/v2\/pages\/479","targetHints":{"allow":["GET"]}}],"collection":[{"href":"https:\/\/www.patronademostoles.es\/es\/wp-json\/wp\/v2\/pages"}],"about":[{"href":"https:\/\/www.patronademostoles.es\/es\/wp-json\/wp\/v2\/types\/page"}],"author":[{"embeddable":true,"href":"https:\/\/www.patronademostoles.es\/es\/wp-json\/wp\/v2\/users\/1"}],"replies":[{"embeddable":true,"href":"https:\/\/www.patronademostoles.es\/es\/wp-json\/wp\/v2\/comments?post=479"}],"version-history":[{"count":2,"href":"https:\/\/www.patronademostoles.es\/es\/wp-json\/wp\/v2\/pages\/479\/revisions"}],"predecessor-version":[{"id":2918,"href":"https:\/\/www.patronademostoles.es\/es\/wp-json\/wp\/v2\/pages\/479\/revisions\/2918"}],"wp:attachment":[{"href":"https:\/\/www.patronademostoles.es\/es\/wp-json\/wp\/v2\/media?parent=479"}],"curies":[{"name":"wp","href":"https:\/\/api.w.org\/{rel}","templated":true}]}}