{"id":108,"date":"2020-11-10T18:24:30","date_gmt":"2020-11-10T18:24:30","guid":{"rendered":"https:\/\/www.patronademostoles.es\/es\/?page_id=108"},"modified":"2020-12-14T12:32:56","modified_gmt":"2020-12-14T12:32:56","slug":"historia","status":"publish","type":"page","link":"https:\/\/www.patronademostoles.es\/es\/historia\/","title":{"rendered":"Historia"},"content":{"rendered":"<div data-colibri-id=\"108-c1\" class=\"style-533 style-local-108-c1 position-relative\">\n  <!---->\n  <div data-colibri-component=\"section\" data-colibri-id=\"108-c2\" id=\"custom\" class=\"h-section h-section-global-spacing d-flex align-items-lg-start align-items-md-start align-items-start style-538 style-local-108-c2 position-relative\">\n    <!---->\n    <!---->\n    <div class=\"h-section-grid-container h-section-boxed-container\">\n      <!---->\n      <div data-colibri-id=\"108-c3\" class=\"h-row-container gutters-row-lg-0 gutters-row-md-0 gutters-row-0 gutters-row-v-lg-0 gutters-row-v-md-0 gutters-row-v-0 style-539 style-local-108-c3 position-relative\">\n        <!---->\n        <div class=\"h-row justify-content-lg-center justify-content-md-center justify-content-center align-items-lg-stretch align-items-md-stretch align-items-stretch gutters-col-lg-0 gutters-col-md-0 gutters-col-0 gutters-col-v-lg-0 gutters-col-v-md-0 gutters-col-v-0\">\n          <!---->\n          <div class=\"h-column h-column-container d-flex h-col-lg-auto h-col-md-auto h-col-auto style-541-outer style-local-108-c4-outer\">\n            <div data-colibri-id=\"108-c4\" class=\"d-flex h-flex-basis h-column__inner h-px-lg-2 h-px-md-2 h-px-2 v-inner-lg-2 v-inner-md-2 v-inner-2 style-541 style-local-108-c4 position-relative\">\n              <!---->\n              <!---->\n              <div class=\"w-100 h-y-container h-column__content h-column__v-align flex-basis-100 align-self-lg-start align-self-md-start align-self-start\">\n                <!---->\n                <div data-colibri-id=\"108-c5\" class=\"h-text h-text-component style-545 style-local-108-c5 position-relative h-element\">\n                  <!---->\n                  <!---->\n                  <div class=\"\">\n                    <p><span style=\"font-weight: 400; font-size: 16px; font-family: &quot;Open Sans&quot;; color: rgb(153, 153, 153);\">Alg\u00fan lector puede encontrar algo nuevo en estas l\u00edneas cuando se recuerdan cosas que dejaron escritas ilustres mostole\u00f1os al aportar textos brillantes para la historia de esta nuestra Villa, hoy Gran Ciudad de M\u00f3stoles.<\/span><\/p>\n                    <p><span style=\"font-weight: 400; font-size: 16px; font-family: &quot;Open Sans&quot;; color: rgb(153, 153, 153);\">\ufeffYa desde el anuario El D\u00eda de M\u00f3stoles, y cuando corr\u00eda el a\u00f1o de 1928, se daba a conocer el M\u00f3stoles romano, el M\u00f3stoles agareno y el M\u00f3stoles cristiano.<\/span><\/p>\n                    <p><span style=\"font-weight: 400; font-size: 16px; font-family: &quot;Open Sans&quot;; color: rgb(153, 153, 153);\">M\u00f3stoles, tierra a orillas del r\u00edo Guadarrama \u2013nombre \u00e1rabe-, cuyas aguas nacen en los altos de la cordillera Carpetana-nombre romano-, en el centro de la pen\u00ednsula Ib\u00e9rica, atra\u00eda la atenci\u00f3n del Imperio romano para que sus tropas militares encontraran condiciones apropiadas de campamento; as\u00ed lo confirmaron trozos de mosaicos en el hoy barrio de Cerro Prieto donde la Villa estuvo emplazada primitivamente. Los romanos se encontraron una villa fundada con anterioridad a su dominaci\u00f3n, y habitada por iberos de las orillas del r\u00edo Manzanares. Los romanos daban generalmente el nombre de su nacionalidad a las ciudades que fundaban, como Emerita Augusta a M\u00e9rida, pero no es el caso de M\u00f3stoles, que al parecer, no tiene nada de latino o romano. Es bastante aproximado establecer como clave adentrarse en el per\u00edodo neol\u00edtico, para encontrar el oculto nombre primitivo de M\u00f3stoles.&nbsp;<\/span><\/p>\n                    <p>\n                      <br>\n                    <\/p>\n                  <\/div>\n                <\/div>\n              <\/div>\n            <\/div>\n          <\/div>\n          <div class=\"h-column h-column-container d-flex h-col-lg-auto h-col-md-auto h-col-auto style-546-outer style-local-108-c6-outer\">\n            <div data-colibri-id=\"108-c6\" class=\"d-flex h-flex-basis h-column__inner h-px-lg-2 h-px-md-2 h-px-2 v-inner-lg-2 v-inner-md-2 v-inner-2 style-546 style-local-108-c6 position-relative\">\n              <!---->\n              <!---->\n              <div class=\"w-100 h-y-container h-column__content h-column__v-align flex-basis-100 align-self-lg-start align-self-md-start align-self-start\">\n                <!---->\n                <div data-colibri-id=\"108-c7\" class=\"h-text h-text-component style-558 style-local-108-c7 position-relative h-element\">\n                  <!---->\n                  <!---->\n                  <div class=\"\">\n                    <p><span style=\"font-weight: 400; font-size: 16px; font-family: &quot;Open Sans&quot;; color: rgb(153, 153, 153);\">Remont\u00e1ndonos a millares de a\u00f1os anteriores, cuando las sociedades se constitu\u00edan en tribus, pues todav\u00eda no exist\u00edan las naciones, se daban nombres id\u00e9nticos a los que ellos proclamaban por jefes, porque revelaban condiciones extraordinarias de sabidur\u00eda, de valor y de virtudes c\u00edvicas. Pues dichos hombres dieron su nombre a su tribu; y as\u00ed a las tribus del Manzanares, y sus expansiones: entre ellas, M\u00f3stoles. Por tanto, M\u00f3stoles tuvo un nombre primitivo anterior y distinto a este, ser\u00eda ind\u00edgena, propio, diferente al actual y anterior a todas las dominaciones extranjeras.Las p\u00e1ginas de piedra del M\u00f3stoles mahometano est\u00e1n a la vista en la torre de nuestra iglesia parroquial dedicada a Nuestra Se\u00f1ora de la Asunci\u00f3n, en el coraz\u00f3n de nuestra ciudad. Parece que era ayer cuando el almuec\u00edn convocaba desde el alminar de dicha torre, en voz alta, al pueblo musulm\u00e1n para la oraci\u00f3n de la tarde; sustituida despu\u00e9s por el toque del \u00c1ngelus en salutaci\u00f3n a la siempre Virgen Mar\u00eda.<\/span><\/p>\n                  <\/div>\n                <\/div>\n              <\/div>\n            <\/div>\n          <\/div>\n          <div class=\"h-column h-column-container d-flex h-col-lg-auto h-col-md-auto h-col-auto style-547-outer style-local-108-c8-outer\">\n            <div data-colibri-id=\"108-c8\" class=\"d-flex h-flex-basis h-column__inner h-px-lg-2 h-px-md-2 h-px-2 v-inner-lg-2 v-inner-md-2 v-inner-2 style-547 style-local-108-c8 position-relative\">\n              <!---->\n              <!---->\n              <div class=\"w-100 h-y-container h-column__content h-column__v-align flex-basis-100 align-self-lg-start align-self-md-start align-self-start\">\n                <!---->\n                <div data-colibri-id=\"108-c9\" class=\"d-block style-559 style-local-108-c9 position-relative h-element\">\n                  <!---->\n                  <div class=\"h-image__frame-container-outer\">\n                    <div class=\"h-image__frame-container\">\n                      <!---->\n                      <!---->\n                      <img loading=\"lazy\" decoding=\"async\" width=\"337\" height=\"278\" src=\"https:\/\/www.patronademostoles.es\/es\/wp-content\/uploads\/2020\/12\/cropped-parroquia.png\" class=\"wp-image-625 style-559-image style-local-108-c9-image\" alt=\"\" srcset=\"https:\/\/www.patronademostoles.es\/es\/wp-content\/uploads\/2020\/12\/cropped-parroquia.png 337w, https:\/\/www.patronademostoles.es\/es\/wp-content\/uploads\/2020\/12\/cropped-parroquia-300x247.png 300w\" sizes=\"auto, (max-width: 337px) 100vw, 337px\" \/>\n                      <div class=\"h-image__frame h-hide-lg h-hide-md h-hide-sm style-559-frameImage style-local-108-c9-frameImage\"><\/div>\n                    <\/div>\n                  <\/div>\n                <\/div>\n              <\/div>\n            <\/div>\n          <\/div>\n          <div class=\"h-column h-column-container d-flex h-col-lg-auto h-col-md-auto h-col-auto style-548-outer style-local-108-c10-outer\">\n            <div data-colibri-id=\"108-c10\" class=\"d-flex h-flex-basis h-column__inner h-px-lg-2 h-px-md-2 h-px-2 v-inner-lg-2 v-inner-md-2 v-inner-2 style-548 style-local-108-c10 position-relative\">\n              <!---->\n              <!---->\n              <div class=\"w-100 h-y-container h-column__content h-column__v-align flex-basis-100 align-self-lg-start align-self-md-start align-self-start\">\n                <!---->\n                <div data-colibri-id=\"108-c11\" class=\"h-text h-text-component style-560 style-local-108-c11 position-relative h-element\">\n                  <!---->\n                  <!---->\n                  <div class=\"\">\n                    <p><span style=\"font-weight: 400; font-size: 16px; font-family: &quot;Open Sans&quot;; color: rgb(153, 153, 153);\">Almor\u00e1vides y mostole\u00f1os conviv\u00edan conservando sus religiones respectivas; aquellos en su mezquita (nuestra parroquia actual); y \u00e9stos en diversos santuarios del t\u00e9rmino seg\u00fan su rito moz\u00e1rabe. La historia de piedra de M\u00f3stoles demuestra que sus hijos son de \u201cpuro linaje espa\u00f1ol\u201d, a trav\u00e9s de todas las denominaciones extranjeras como argumentaba el Doctor Tom\u00e1s Mej\u00eda, y que en sus almas perduras las virtudes de la raza ib\u00e9rica, de Sagunto y de Numancia culminadas en la epopeya de 1808.&nbsp;<\/span><\/p>\n                  <\/div>\n                <\/div>\n              <\/div>\n            <\/div>\n          <\/div>\n          <div class=\"h-column h-column-container d-flex h-col-lg-auto h-col-md-auto h-col-auto style-550-outer style-local-108-c12-outer\">\n            <div data-colibri-id=\"108-c12\" class=\"d-flex h-flex-basis h-column__inner h-px-lg-3 h-px-md-3 h-px-3 v-inner-lg-3 v-inner-md-3 v-inner-3 style-550 style-local-108-c12 position-relative\">\n              <!---->\n              <!---->\n              <div class=\"w-100 h-y-container h-column__content h-column__v-align flex-basis-100 align-self-lg-start align-self-md-start align-self-start\">\n                <!---->\n                <div data-colibri-id=\"108-c13\" class=\"d-block style-562 style-local-108-c13 position-relative h-element\">\n                  <!---->\n                  <div class=\"h-image__frame-container-outer\">\n                    <div class=\"h-image__frame-container\">\n                      <!---->\n                      <!---->\n                      <img loading=\"lazy\" decoding=\"async\" width=\"1707\" height=\"1707\" src=\"https:\/\/www.patronademostoles.es\/es\/wp-content\/uploads\/2020\/12\/cropped-0I1A0921-scaled-1.jpg\" class=\"wp-image-641 style-562-image style-local-108-c13-image\" alt=\"\" srcset=\"https:\/\/www.patronademostoles.es\/es\/wp-content\/uploads\/2020\/12\/cropped-0I1A0921-scaled-1.jpg 1707w, https:\/\/www.patronademostoles.es\/es\/wp-content\/uploads\/2020\/12\/cropped-0I1A0921-scaled-1-300x300.jpg 300w, https:\/\/www.patronademostoles.es\/es\/wp-content\/uploads\/2020\/12\/cropped-0I1A0921-scaled-1-1024x1024.jpg 1024w, https:\/\/www.patronademostoles.es\/es\/wp-content\/uploads\/2020\/12\/cropped-0I1A0921-scaled-1-150x150.jpg 150w, https:\/\/www.patronademostoles.es\/es\/wp-content\/uploads\/2020\/12\/cropped-0I1A0921-scaled-1-768x768.jpg 768w, https:\/\/www.patronademostoles.es\/es\/wp-content\/uploads\/2020\/12\/cropped-0I1A0921-scaled-1-1536x1536.jpg 1536w\" sizes=\"auto, (max-width: 1707px) 100vw, 1707px\" \/>\n                      <div class=\"h-image__frame h-hide-lg h-hide-md h-hide-sm style-562-frameImage style-local-108-c13-frameImage\"><\/div>\n                    <\/div>\n                  <\/div>\n                <\/div>\n              <\/div>\n            <\/div>\n          <\/div>\n          <div class=\"h-column h-column-container d-flex h-col-lg-auto h-col-md-auto h-col-auto style-549-outer style-local-108-c14-outer\">\n            <div data-colibri-id=\"108-c14\" class=\"d-flex h-flex-basis h-column__inner h-px-lg-2 h-px-md-2 h-px-2 v-inner-lg-2 v-inner-md-2 v-inner-2 style-549 style-local-108-c14 position-relative\">\n              <!---->\n              <!---->\n              <div class=\"w-100 h-y-container h-column__content h-column__v-align flex-basis-100 align-self-lg-start align-self-md-start align-self-start\">\n                <!---->\n                <div data-colibri-id=\"108-c15\" class=\"h-text h-text-component style-561 style-local-108-c15 position-relative h-element\">\n                  <!---->\n                  <!---->\n                  <div class=\"\">\n                    <p><span style=\"font-weight: 400; font-size: 16px; font-family: &quot;Open Sans&quot;; color: rgb(153, 153, 153);\"><span class=\"ql-cursor\">\ufeff<\/span><\/span>\n                    <\/p>\n                    <p>\n                      <br>\n                    <\/p>\n                    <p><span style=\"font-weight: 400; font-size: 16px; font-family: &quot;Open Sans&quot;; color: rgb(153, 153, 153);\">Y otro aspecto muy importante, aprovechando las fechas que nos rodean, es el valor que han heredado los mostole\u00f1os generaci\u00f3n tras generaci\u00f3n, junto a la fe que sienten por su excelsa Patrona Nuestra Se\u00f1ora de los Santos. Ya desde tiempos muy antiguos, las calles y las casas de M\u00f3stoles aparec\u00edan muy limpias en los comienzos del mes de septiembre; al acercarse el d\u00eda 12 o del Dulce Nombre de Mar\u00eda. Afluencia de forasteros, volteo de campanas, animaci\u00f3n de los mostole\u00f1os para la Salve solemne el d\u00eda de la v\u00edspera. El d\u00eda grande, diana por las calles durante siglos, solemne misa a toda orquesta, con serm\u00f3n a cargo de un buen orador venido desde fuera de la Villa, descenso y colocaci\u00f3n de la sagrada imagen de la Virgen en su magn\u00edfica carroza.<\/span><\/p>\n                    <p><span style=\"font-weight: 400; font-size: 16px; font-family: &quot;Open Sans&quot;; color: rgb(153, 153, 153);\">Por la tarde, magistral procesi\u00f3n de la Virgen de los Santos, por la que sienten los mostole\u00f1os no menos veneraci\u00f3n que los aragoneses por la del Pilar, los andaluces por la Macarena, los asturianos por la de Covadonga o los madrile\u00f1os por la Paloma, etc.<\/span><\/p>\n                  <\/div>\n                <\/div>\n              <\/div>\n            <\/div>\n          <\/div>\n          <div class=\"h-column h-column-container d-flex h-col-lg-auto h-col-md-auto h-col-auto style-551-outer style-local-108-c16-outer\">\n            <div data-colibri-id=\"108-c16\" class=\"d-flex h-flex-basis h-column__inner h-px-lg-2 h-px-md-2 h-px-2 v-inner-lg-2 v-inner-md-2 v-inner-2 style-551 style-local-108-c16 position-relative\">\n              <!---->\n              <!---->\n              <div class=\"w-100 h-y-container h-column__content h-column__v-align flex-basis-100 align-self-lg-start align-self-md-start align-self-start\">\n                <!---->\n                <div data-colibri-id=\"108-c17\" class=\"h-text h-text-component style-563 style-local-108-c17 position-relative h-element\">\n                  <!---->\n                  <!---->\n                  <div class=\"\">\n                    <p><span style=\"font-weight: 400; font-size: 16px; font-family: &quot;Open Sans&quot;; color: rgb(153, 153, 153);\">Un mostole\u00f1o, nacido el siglo XIX versaba como sigue dedic\u00e1ndoselo a nuestra Patrona:<\/span><\/p>\n                  <\/div>\n                <\/div>\n              <\/div>\n            <\/div>\n          <\/div>\n          <div class=\"h-column h-column-container d-flex h-col-lg-auto h-col-md-auto h-col-auto style-552-outer style-local-108-c18-outer\">\n            <div data-colibri-id=\"108-c18\" class=\"d-flex h-flex-basis h-column__inner h-px-lg-2 h-px-md-2 h-px-2 v-inner-lg-2 v-inner-md-2 v-inner-2 style-552 style-local-108-c18 position-relative\">\n              <!---->\n              <!---->\n              <div class=\"w-100 h-y-container h-column__content h-column__v-align flex-basis-100 align-self-lg-start align-self-md-start align-self-start\">\n                <!---->\n                <div data-colibri-id=\"108-c19\" class=\"h-text h-text-component style-564 style-local-108-c19 position-relative h-element\">\n                  <!---->\n                  <!---->\n                  <div class=\"\">\n                    <p><em>Eres faro, norte y gu\u00eda de este pueblo que te adora; <\/em><\/p>\n                    <p><em>eres celestial aurora, dulce n\u00e9ctar y ambros\u00eda.<\/em><\/p>\n                    <p><em>Tu dulce nombre, Mar\u00eda, nos da tal satisfacci\u00f3n, que de todo coraz\u00f3n,<\/em><\/p>\n                    <p><em>si enemigos te ofendieran todos la vida perdieran por tu dignificaci\u00f3n.&nbsp;<\/em><\/p>\n                    <p><em>En un front\u00f3n popular, donde hoy se encuentra tu Ermita,<\/em><\/p>\n                    <p><em>te apareciste bendita a unos ni\u00f1os del lugar.<\/em><\/p>\n                    <p><em>Su pelota fue a parar a una cueva abandonada; <\/em><\/p>\n                    <p><em>y el que baj\u00f3,te vio orlada de divinos resplandores,<\/em><\/p>\n                    <p><em><u>ofreciendo tus amores a esta villa afortunada.&nbsp;<\/u><\/em><\/p>\n                    <p><em>Un \u00e1ngel te preced\u00eda, vestido de sacerdote,<\/em><\/p>\n                    <p><em>hasta que saliste a flote a dar fe de tu val\u00eda.<\/em><\/p>\n                    <p><em>el pueblo, con alegr\u00eda, te aclam\u00f3 por su Patrona,&nbsp;digna de lauro y corona;<\/em><\/p>\n                    <p><em>y hoy, en duelos y quebrantos, eres,<\/em><\/p>\n                    <p><em><u>Virgen de los Santos, a quien sus preces entona.&nbsp;<\/u><\/em><\/p>\n                    <p><em>\u00a1Qu\u00e9 de fiestas y alegr\u00eda ocasion\u00f3 tu presencia!<\/em><\/p>\n                    <p><em>\u00a1Qu\u00e9 fervorosa vehemencia la de tus hijos ser\u00eda!<\/em><\/p>\n                    <p><em>Porque en la mirada p\u00eda que dirigiste animosa<\/em><\/p>\n                    <p><em><u>en la cueva milagrosa a aquellos cuatro&nbsp;<\/u>peque\u00f1os, <\/em><\/p>\n                    <p><em>lanzaste a los mostole\u00f1os el preg\u00f3n de tu hidalgu\u00eda.&nbsp;<\/em><\/p>\n                    <p><em>Eres de todos los Santos la Reina por excelencia;<\/em><\/p>\n                    <p><em>y todos en tu presencia entonan hermosos cantos.<\/em><\/p>\n                    <p><em>Admirar tus mil encantos es la mayor alegr\u00eda; la poblaci\u00f3n, noche y d\u00eda,<\/em><\/p>\n                    <p><em>te aclama Reina y Se\u00f1ora, y hasta el imp\u00edo te adora por tus gracias, Madre m\u00eda.&nbsp;<\/em><\/p>\n                    <p><em>Eres Madre de Dios-hombre, Reina del g\u00e9nero humano<\/em><\/p>\n                    <p><em>y todo buen ciudadano bendice tu augusto nombre.<\/em><\/p>\n                    <p><em>La desgracia no le asombre, porque t\u00fa eres el consuelo del mortal,<\/em><\/p>\n                    <p><em>que en este suelo tiene en ti su confianza,<\/em><\/p>\n                    <p><em><u>y vive con la esperanza de ser premiado en el cielo.&nbsp;<\/u><\/em><\/p>\n                    <p><em>Eres Madre bondadosa, eres en todo indulgente,<\/em><\/p>\n                    <p><em>eres astro refulgente y la flor m\u00e1s candorosa.<\/em><\/p>\n                    <p><em>Es tu figura grandiosa; y en la corte celestial los \u00e1ngeles te bendicen<\/em><\/p>\n                    <p><em>ysus plegarias te dicen finezas de estirpe real.&nbsp;<\/em><\/p>\n                    <p><em>Esto dice el que te env\u00eda desde lejos su oraci\u00f3n,<\/em><\/p>\n                    <p><em>y de todo coraz\u00f3n te ofrenda su poes\u00eda.<\/em><\/p>\n                    <p><em>Escucha, Virgen Mar\u00eda, la humilde salutaci\u00f3n que con tal devoci\u00f3n<\/em><\/p>\n                    <p><em>y un ferviente y puro anhelo te env\u00eda desde este suelo con su pobre coraz\u00f3n.<\/em>&nbsp;<\/p>\n                    <p>\n                      <br>\n                    <\/p>\n                  <\/div>\n                <\/div>\n              <\/div>\n            <\/div>\n          <\/div>\n          <div class=\"h-column h-column-container d-flex h-col-lg-auto h-col-md-auto h-col-auto style-553-outer style-local-108-c20-outer\">\n            <div data-colibri-id=\"108-c20\" class=\"d-flex h-flex-basis h-column__inner h-px-lg-2 h-px-md-2 h-px-2 v-inner-lg-2 v-inner-md-2 v-inner-2 style-553 style-local-108-c20 position-relative\">\n              <!---->\n              <!---->\n              <div class=\"w-100 h-y-container h-column__content h-column__v-align flex-basis-100 align-self-lg-start align-self-md-start align-self-start\">\n                <!---->\n                <div data-colibri-id=\"108-c21\" class=\"h-text h-text-component style-565 style-local-108-c21 position-relative h-element\">\n                  <!---->\n                  <!---->\n                  <div class=\"\">\n                    <p>Pues oraciones o poes\u00edas como estas son continuidad de oraci\u00f3n a lo largo de los siglos hacia la imagen tan venerada en nuestra Ciudad de M\u00f3stoles, que conserva su tradici\u00f3n desde que en nuestra Ermita es venerada con la m\u00e1xima devoci\u00f3n.<\/p>\n                    <p>En este siglo XXI contin\u00faan siendo masivos actos festivos para nuestra Patrona como la Ofrenda de Flores, la Solemne Salve con presencia de la Corporaci\u00f3n, la Solemne Misa Mayor concelebrada por el Clero de M\u00f3stoles, la Solemne bajada\n                      de nuestra patrona a la carroza para procesionaria por la tarde y la Solemne Procesi\u00f3n con la Im\u00e1genes de Nuestra Se\u00f1ora de los Santos y San Sim\u00f3n de Rojas. Participan en todos estos actos cada vez mas organizaciones de todo el tejido\n                      ciudadano de M\u00f3stoles, como las Pe\u00f1as, las Casas Regionales, las Parroquias, Agrupaciones, Asociaciones Culturales y de otros fines, entre los miles de mostole\u00f1os que se acercan en estos actos para venerar a la Madre de Dios y a\n                      San Sim\u00f3n de Rojas, hijo de mostole\u00f1a y trinitario fundador de los Comedores regidos por la Orden Trinitaria en numerosos lugares.<\/p>\n                  <\/div>\n                <\/div>\n              <\/div>\n            <\/div>\n          <\/div>\n          <div class=\"h-column h-column-container d-flex h-col-lg-auto h-col-md-auto h-col-auto style-554-outer style-local-108-c22-outer\">\n            <div data-colibri-id=\"108-c22\" class=\"d-flex h-flex-basis h-column__inner h-ui-empty-state-container h-px-lg-2 h-px-md-2 h-px-2 v-inner-lg-2 v-inner-md-2 v-inner-2 style-554 style-local-108-c22 position-relative\">\n              <!---->\n              <!---->\n              <div class=\"w-100 h-y-container h-column__content h-column__v-align flex-basis-100\">\n                <!---->\n              <\/div>\n            <\/div>\n          <\/div>\n          <div class=\"h-column h-column-container d-flex h-col-lg-auto h-col-md-auto h-col-auto style-555-outer style-local-108-c23-outer\">\n            <div data-colibri-id=\"108-c23\" class=\"d-flex h-flex-basis h-column__inner h-px-lg-2 h-px-md-2 h-px-2 v-inner-lg-2 v-inner-md-2 v-inner-2 style-555 style-local-108-c23 position-relative\">\n              <!---->\n              <!---->\n              <div class=\"w-100 h-y-container h-column__content h-column__v-align flex-basis-100 align-self-lg-start align-self-md-start align-self-start\">\n                <!---->\n                <div data-colibri-id=\"108-c24\" class=\"h-text h-text-component style-566 style-local-108-c24 position-relative h-element\">\n                  <!---->\n                  <!---->\n                  <div class=\"\">\n                    <p>Jose Manuel Montero Moreno<\/p>\n                  <\/div>\n                <\/div>\n              <\/div>\n            <\/div>\n          <\/div>\n          <div class=\"h-column h-column-container d-flex h-col-lg-auto h-col-md-auto h-col-auto style-567-outer style-local-108-c25-outer\">\n            <div data-colibri-id=\"108-c25\" class=\"d-flex h-flex-basis h-column__inner h-px-lg-2 h-px-md-2 h-px-2 v-inner-lg-2 v-inner-md-2 v-inner-2 style-567 style-local-108-c25 position-relative\">\n              <!---->\n              <!---->\n              <div class=\"w-100 h-y-container h-column__content h-column__v-align flex-basis-100 align-self-lg-start align-self-md-start align-self-start\">\n                <!---->\n                <div data-colibri-id=\"108-c26\" class=\"h-x-container style-568 style-local-108-c26 position-relative h-element\">\n                  <!---->\n                  <div class=\"h-x-container-inner style-dynamic-108-c26-group style-568-spacing style-local-108-c26-spacing\"><span class=\"h-link__outer style-569-outer style-local-108-c27-outer d-inline-flex h-element\"><a h-use-smooth-scroll=\"true\" href=\"https:\/\/www.patronademostoles.es\/es\/la-virgen-de-los-santos\/\"  data-colibri-id=\"108-c27\" class=\"d-flex w-100 align-items-center h-link style-569 style-local-108-c27 position-relative\"><!----><!----> <span>La virgen de los Santos &gt;&gt;<\/span><\/a>\n                    <\/span>\n                  <\/div>\n                <\/div>\n              <\/div>\n            <\/div>\n          <\/div>\n        <\/div>\n      <\/div>\n    <\/div>\n  <\/div>\n<\/div>","protected":false},"excerpt":{"rendered":"<p>Alg\u00fan lector puede encontrar algo nuevo en estas l\u00edneas cuando se recuerdan cosas que dejaron escritas ilustres mostole\u00f1os al aportar textos brillantes para la historia de esta nuestra Villa, hoy Gran Ciudad de M\u00f3stoles. \ufeffYa desde el anuario El D\u00eda de M\u00f3stoles, y cuando corr\u00eda el a\u00f1o de 1928, se daba a conocer el M\u00f3stoles [&hellip;]<\/p>\n","protected":false},"author":1,"featured_media":0,"parent":0,"menu_order":0,"comment_status":"closed","ping_status":"closed","template":"page-templates\/full-width-page.php","meta":{"footnotes":""},"class_list":["post-108","page","type-page","status-publish","hentry"],"_links":{"self":[{"href":"https:\/\/www.patronademostoles.es\/es\/wp-json\/wp\/v2\/pages\/108","targetHints":{"allow":["GET"]}}],"collection":[{"href":"https:\/\/www.patronademostoles.es\/es\/wp-json\/wp\/v2\/pages"}],"about":[{"href":"https:\/\/www.patronademostoles.es\/es\/wp-json\/wp\/v2\/types\/page"}],"author":[{"embeddable":true,"href":"https:\/\/www.patronademostoles.es\/es\/wp-json\/wp\/v2\/users\/1"}],"replies":[{"embeddable":true,"href":"https:\/\/www.patronademostoles.es\/es\/wp-json\/wp\/v2\/comments?post=108"}],"version-history":[{"count":18,"href":"https:\/\/www.patronademostoles.es\/es\/wp-json\/wp\/v2\/pages\/108\/revisions"}],"predecessor-version":[{"id":681,"href":"https:\/\/www.patronademostoles.es\/es\/wp-json\/wp\/v2\/pages\/108\/revisions\/681"}],"wp:attachment":[{"href":"https:\/\/www.patronademostoles.es\/es\/wp-json\/wp\/v2\/media?parent=108"}],"curies":[{"name":"wp","href":"https:\/\/api.w.org\/{rel}","templated":true}]}}